{"id":4646,"date":"2018-10-23T11:00:51","date_gmt":"2018-10-23T11:00:51","guid":{"rendered":"http:\/\/www.barverat.com\/?page_id=4646"},"modified":"2026-02-13T11:10:01","modified_gmt":"2026-02-13T11:10:01","slug":"carta-en","status":"publish","type":"page","link":"https:\/\/www.barverat.com\/en\/carta-en\/","title":{"rendered":"Menu"},"content":{"rendered":"<p>[vc_row content_text_aligment=&#8221;&#8221; use_row_as_full_screen_section=&#8221;no&#8221;][vc_column][vc_row_inner content_text_aligment=&#8221;&#8221; css=&#8221;.vc_custom_1467102532369{margin-right: 0px !important;margin-left: 0px !important;}&#8221;][vc_column_inner css=&#8221;.vc_custom_1467200934214{padding-right: 0px !important;padding-left: 0px !important;}&#8221; offset=&#8221;vc_col-md-6&#8243;]<div class=\"edgtf-elements-holder edgtf-one-column edgtf-responsive-mode-768\" ><div class=\"edgtf-eh-item edgtf-vertical-alignment-middle edgtf-horizontal-alignment-left\" style=\"background-image: url(https:\/\/www.barverat.com\/wp-content\/uploads\/2018\/05\/carta-1.jpg)\" data-item-class=\"edgtf-eh-custom-786773\" data-1280-1600=\"62.5% 1% 62.7% 1%\" data-1024-1280=\"63.2% 1% 62% 1%\" data-768-1024=\"62.5% 1% 66% 1%\" data-600-768=\"0.5% 1% 66% 1%\">\n\t<div class=\"edgtf-eh-item-inner\">\n\t\t<div class=\"edgtf-eh-item-content edgtf-eh-custom-786773\" style=\"padding: 57.5% 1% 57% 1%\">\n\t\t\t[vc_empty_space height=&#8221;10&#8243;]\t\t<\/div>\n\t<\/div>\n<\/div><\/div>[\/vc_column_inner][vc_column_inner css=&#8221;.vc_custom_1467200940727{padding-right: 0px !important;padding-left: 0px !important;}&#8221; offset=&#8221;vc_col-md-6&#8243;]<div class=\"edgtf-elements-holder edgtf-one-column edgtf-responsive-mode-768\" ><div class=\"edgtf-eh-item edgtf-vertical-alignment-middle edgtf-horizontal-alignment-left\"  data-item-class=\"edgtf-eh-custom-683850\" data-1280-1600=\"18.7% 7.5% 10% 7.5%\" data-1024-1280=\"12% 5% 7% 5%\" data-768-1024=\"0% 5% 0% 5%\" data-600-768=\"3% 12% 5% 12%\" data-480-600=\"19.7% 3% 29% 3%\" data-480=\"19.7% 3% 29% 3%\">\n\t<div class=\"edgtf-eh-item-inner\">\n\t\t<div class=\"edgtf-eh-item-content edgtf-eh-custom-683850\" style=\"padding: 19.7% 12.5% 10% 12.5%\">\n\t\t\t[vc_column_text]<\/p>\n<h1>Menu<\/h1>\n<p>[\/vc_column_text][vc_separator color=&#8221;white&#8221; css=&#8221;.vc_custom_1467196846222{padding-top: 5.8% !important;}&#8221;]<div class=\"edgtf-accordion-holder clearfix edgtf-ac-default edgtf-accordion \">\n\t<h4 class=\"clearfix edgtf-title-holder\">\n    <span class=\"edgtf-accordion-mark\">\n\t\t<span class=\"edgtf-accordion-mark-icon\">\n\t\t\t<span class=\"edgtf_icon_plus icon-arrows-plus\"><\/span>\n\t\t\t<span class=\"edgtf_icon_minus icon-arrows-minus\"><\/span>\n\t\t<\/span>\n\t<\/span>\n\t<span class=\"edgtf-tab-title\">Croquettes<\/span>\n<\/h4>\n<div class=\"edgtf-accordion-content\">\n\t<div class=\"edgtf-accordion-content-inner\">\n\t\t[vc_column_text]<\/p>\n<p class=\"p1\"><span class=\"s1\">Spinach croquettes \u201ca la catalana\u201d (4u) <b>9 \u20ac<\/b><b><\/b><\/span><\/p>\n<p class=\"p1\"><span class=\"s1\">Inked squid croquettes (4u <b>9 \u20ac<\/b><b><\/b><\/span><\/p>\n<p class=\"p1\"><span class=\"s1\">Iberian ham croquettes (4u) <b>10,5 \u20ac<\/b><b><\/b><\/span><\/p>\n<p class=\"p1\"><span class=\"s1\">Falafel with mint and iogurt sauce (4u) <b>6,5 \u20ac<\/b><b><\/b><\/span><\/p>\n<p class=\"p1\"><span class=\"s1\">Croquettes trio (6u) <b>14,5 \u20ac<\/b><\/span><\/p>\n<p>[\/vc_column_text]\t<\/div>\n<\/div><h4 class=\"clearfix edgtf-title-holder\">\n    <span class=\"edgtf-accordion-mark\">\n\t\t<span class=\"edgtf-accordion-mark-icon\">\n\t\t\t<span class=\"edgtf_icon_plus icon-arrows-plus\"><\/span>\n\t\t\t<span class=\"edgtf_icon_minus icon-arrows-minus\"><\/span>\n\t\t<\/span>\n\t<\/span>\n\t<span class=\"edgtf-tab-title\">Bread<\/span>\n<\/h4>\n<div class=\"edgtf-accordion-content\">\n\t<div class=\"edgtf-accordion-content-inner\">\n\t\t[vc_column_text]<\/p>\n<p class=\"p1\"><span class=\"s1\">Olive oil focaccia of Triticum <b>2,7 \u20ac<\/b><b><\/b><\/span><\/p>\n<p class=\"p1\"><span class=\"s1\">Coca bread from l\u2019Espiga d\u2019Or with tomato <b>3,8 \u20ac<\/b><\/span><\/p>\n<p>[\/vc_column_text]\t<\/div>\n<\/div><h4 class=\"clearfix edgtf-title-holder\">\n    <span class=\"edgtf-accordion-mark\">\n\t\t<span class=\"edgtf-accordion-mark-icon\">\n\t\t\t<span class=\"edgtf_icon_plus icon-arrows-plus\"><\/span>\n\t\t\t<span class=\"edgtf_icon_minus icon-arrows-minus\"><\/span>\n\t\t<\/span>\n\t<\/span>\n\t<span class=\"edgtf-tab-title\">Get a bite<\/span>\n<\/h4>\n<div class=\"edgtf-accordion-content\">\n\t<div class=\"edgtf-accordion-content-inner\">\n\t\t[vc_column_text]<\/p>\n<p class=\"p1\"><span class=\"s1\">Fried potato wedges <b>5,5 \u20ac<\/b><b><\/b><\/span><\/p>\n<p class=\"p1\"><span class=\"s1\">Hummus with papadum <b>8 \u20ac<\/b><b><\/b><\/span><\/p>\n<p class=\"p1\"><span class=\"s1\">Marinated \u201cescabeche\u201d leek, crispy bread and cured veal meat <b>8,5 \u20ac<\/b><b><\/b><\/span><\/p>\n<p class=\"p1\"><span class=\"s1\">Wagyu blood sausage and piquillo peppers <b>8,5 \u20ac<\/b><b><\/b><\/span><\/p>\n<p class=\"p1\"><span class=\"s1\">Bao of bacon at low temperature (2u) <b>11 \u20ac<\/b><b><\/b><\/span><\/p>\n<p class=\"p1\"><span class=\"s1\">Mexican toast with red tuna, guacamole and chipotle (2u) <b>13,5 \u20ac<\/b><b><\/b><\/span><\/p>\n<p class=\"p1\"><span class=\"s1\">Eggplant, stracciatella, sweet chili and basil oil <b>12 \u20ac<\/b><\/span><\/p>\n<p class=\"p1\">Buffalo ricotta and truffle ravioli with pumpkin sauce <b>14 \u20ac<\/b><\/p>\n<p class=\"p1\"><span class=\"s1\">Peking Duck Taco (2u) <b>12 \u20ac<\/b><b><\/b><\/span><\/p>\n<p class=\"p1\"><span class=\"s1\">Roasted canelonni (2u) <b>9,5 \u20ac<\/b><b><\/b><\/span><\/p>\n<p class=\"p1\"><span class=\"s1\">Sulphite-free cod and romesco pil pil <b>18 \u20ac<\/b><b><\/b><\/span><\/p>\n<p class=\"p1\"><span class=\"s1\">Sea bass with Thai curry <b>17 \u20ac<\/b><b><\/b><\/span><\/p>\n<p class=\"p1\"><span class=\"s1\">Red tuna and ponzu tataki <b>18 \u20ac<\/b><b><\/b><\/span><\/p>\n<p class=\"p1\"><span class=\"s1\">Pork of almond\u2019s tonkatsu <b>17 \u20ac<\/b><b><\/b><\/span><\/p>\n<p class=\"p1\"><span class=\"s1\">Kimtxi pig\u2019s ear <b>9,5 \u20ac<\/b><b><\/b><\/span><\/p>\n<p class=\"p1\"><span class=\"s1\">Chicken Aji Taco <b>12 \u20ac<\/b><b><\/b><\/span><\/p>\n<p class=\"p1\"><span class=\"s1\">Mole taco and \u201cpico de gallo\u201d (2u) <b>14 \u20ac<\/b><b><\/b><\/span><\/p>\n<p class=\"p1\"><span class=\"s1\">Moi\u00e0 Wagyu at low temperature <b>24 \u20ac<\/b><b><\/b><\/span><\/p>\n<p class=\"p1\"><span class=\"s1\">Iberian suckling pig terrine <b>18 \u20ac<\/b><\/span><\/p>\n<p>[\/vc_column_text]\t<\/div>\n<\/div><h4 class=\"clearfix edgtf-title-holder\">\n    <span class=\"edgtf-accordion-mark\">\n\t\t<span class=\"edgtf-accordion-mark-icon\">\n\t\t\t<span class=\"edgtf_icon_plus icon-arrows-plus\"><\/span>\n\t\t\t<span class=\"edgtf_icon_minus icon-arrows-minus\"><\/span>\n\t\t<\/span>\n\t<\/span>\n\t<span class=\"edgtf-tab-title\">Desserts<\/span>\n<\/h4>\n<div class=\"edgtf-accordion-content\">\n\t<div class=\"edgtf-accordion-content-inner\">\n\t\t[vc_column_text]<\/p>\n<p class=\"p1\"><span class=\"s1\">Cheesecake with apricots <b>6,5 \u20ac<\/b><\/span><\/p>\n<p class=\"p1\"><span class=\"s1\">Chocolate fondant and hazelnut foam <b>7 \u20ac<\/b><b><\/b><\/span><\/p>\n<p class=\"p1\"><span class=\"s1\">Coconut foam, pineapple <b>6,5 \u20ac<\/b><b><\/b><\/span><\/p>\n<p class=\"p1\"><span class=\"s1\">Fried \u201cchucho\u201d stuffed with mascarpone and coffe <b>7 \u20ac<\/b><b><\/b><\/span><\/p>\n<p class=\"p1\"><span class=\"s1\">Thai french toast <b>7 \u20ac<\/b><b><\/b><\/span><\/p>\n<p class=\"p1\"><span class=\"s1\">Hazelnut and chocolate baklava <b>7 \u20ac<\/b><\/span><\/p>\n<p>[\/vc_column_text]\t<\/div>\n<\/div><h4 class=\"clearfix edgtf-title-holder\">\n    <span class=\"edgtf-accordion-mark\">\n\t\t<span class=\"edgtf-accordion-mark-icon\">\n\t\t\t<span class=\"edgtf_icon_plus icon-arrows-plus\"><\/span>\n\t\t\t<span class=\"edgtf_icon_minus icon-arrows-minus\"><\/span>\n\t\t<\/span>\n\t<\/span>\n\t<span class=\"edgtf-tab-title\">MENU PETIT 23\u20ac<\/span>\n<\/h4>\n<div class=\"edgtf-accordion-content\">\n\t<div class=\"edgtf-accordion-content-inner\">\n\t\t[vc_column_text]Hummus with papadum<\/p>\n<p>Spinach croquettes \u201ca la catalana\u201d (4u)<\/p>\n<p>Roasted canelonni (2u)<\/p>\n<p>Chicken Aji Taco<\/p>\n<p>Coconut foam, pineapple and rum o Cheesecake with apricots<\/p>\n<p><em>Minimum 2 people<\/em><br \/>\n<em>Included one portion of bread, first wine drink, soft drink or beer.<br \/>\n<\/em>This menu is served from Tuesday to Thursday during lunch and dinner service and on Fridays during lunch service. It is not available during Friday dinner service or on Saturdays, holidays or the eve of public holidays.[\/vc_column_text]\t<\/div>\n<\/div><h4 class=\"clearfix edgtf-title-holder\">\n    <span class=\"edgtf-accordion-mark\">\n\t\t<span class=\"edgtf-accordion-mark-icon\">\n\t\t\t<span class=\"edgtf_icon_plus icon-arrows-plus\"><\/span>\n\t\t\t<span class=\"edgtf_icon_minus icon-arrows-minus\"><\/span>\n\t\t<\/span>\n\t<\/span>\n\t<span class=\"edgtf-tab-title\">MENU VERAT 33\u20ac<\/span>\n<\/h4>\n<div class=\"edgtf-accordion-content\">\n\t<div class=\"edgtf-accordion-content-inner\">\n\t\t[vc_column_text]Hummus with papadum<\/p>\n<p>Marinated \u201cescabeche\u201d leek, crispy bread and cured veal meat<\/p>\n<p>Duo of croquettes (spinach and ham)<\/p>\n<p>Sulphite-free cod and romesco pil pil<\/p>\n<p>Mole taco and \u201cpico de gallo\u201d<\/p>\n<p>Thai french toast o Cheesecake with apricots<\/p>\n<p><em>Minimum 2 people<\/em><br \/>\n<em>Included one portion of bread, first wine drink, soft drink or beer<\/em>[\/vc_column_text]\t<\/div>\n<\/div><h4 class=\"clearfix edgtf-title-holder\">\n    <span class=\"edgtf-accordion-mark\">\n\t\t<span class=\"edgtf-accordion-mark-icon\">\n\t\t\t<span class=\"edgtf_icon_plus icon-arrows-plus\"><\/span>\n\t\t\t<span class=\"edgtf_icon_minus icon-arrows-minus\"><\/span>\n\t\t<\/span>\n\t<\/span>\n\t<span class=\"edgtf-tab-title\">MENU FESTIVAL 43\u20ac<\/span>\n<\/h4>\n<div class=\"edgtf-accordion-content\">\n\t<div class=\"edgtf-accordion-content-inner\">\n\t\t[vc_column_text]This menu consists of the best 7 daily \u201ctapas\u201d selected by chef Victor Quintill\u00e0<\/p>\n<p><em>Minimum 2 people<\/em><br \/>\n<em>Included one portion of bread, first wine drink, soft drink or beer<\/em><br \/>\n<em>This menu is only available to be served for the whole table.<\/em>[\/vc_column_text]\t<\/div>\n<\/div><h4 class=\"clearfix edgtf-title-holder\">\n    <span class=\"edgtf-accordion-mark\">\n\t\t<span class=\"edgtf-accordion-mark-icon\">\n\t\t\t<span class=\"edgtf_icon_plus icon-arrows-plus\"><\/span>\n\t\t\t<span class=\"edgtf_icon_minus icon-arrows-minus\"><\/span>\n\t\t<\/span>\n\t<\/span>\n\t<span class=\"edgtf-tab-title\">Beer Damm<\/span>\n<\/h4>\n<div class=\"edgtf-accordion-content\">\n\t<div class=\"edgtf-accordion-content-inner\">\n\t\t[vc_column_text]Estrella Damm\u00a0<strong>20cl &#8211; 2,3 \u20ac \/ 33cl &#8211; 2,7 \u20ac<\/strong><\/p>\n<p>Turia <strong>20cl &#8211; 2,7 <\/strong><strong>\u20ac \/ 33cl &#8211; 3 \u20ac<\/strong><\/p>\n<p>Inedit <strong>20cl &#8211; <\/strong><strong>2,9 \u20ac \/ 33cl &#8211; 3,6 \u20ac<\/strong>[\/vc_column_text]\t<\/div>\n<\/div><h4 class=\"clearfix edgtf-title-holder\">\n    <span class=\"edgtf-accordion-mark\">\n\t\t<span class=\"edgtf-accordion-mark-icon\">\n\t\t\t<span class=\"edgtf_icon_plus icon-arrows-plus\"><\/span>\n\t\t\t<span class=\"edgtf_icon_minus icon-arrows-minus\"><\/span>\n\t\t<\/span>\n\t<\/span>\n\t<span class=\"edgtf-tab-title\">Wine<\/span>\n<\/h4>\n<div class=\"edgtf-accordion-content\">\n\t<div class=\"edgtf-accordion-content-inner\">\n\t\t[vc_column_text]<b>SPARKLING WINES<\/b><\/p>\n<p>Bocchoris brut nature (Macabeu, parellada, xarel\u00b7lo. Pened\u00e8s) <b>3,7 \u20ac \/ 19 \u20ac<\/b><\/p>\n<p>9+ 5\u00e8 (Sumoll. Ancestral, agricultura ecol\u00f2gica. Tarragona) <b>25 \u20ac<\/b><\/p>\n<p>Mirgin Gran Reserva (Xarel\u00b7lo, macabeu, parellada. Agricultura ecol\u00f2gica. Alella) <b>25 \u20ac<\/b><\/p>\n<p>Agulles de Plata rosat (Garnatxa negra. Ancestral, agricultura ecol\u00f2gica. Pened\u00e8s) <b>25 \u20ac<\/b><\/p>\n<p>Cam\u00ed dels Xops (Macabeu, xarel\u00b7lo. Ancestral, agricultura ecol\u00f2gica. Pened\u00e8s) <b>26 \u20ac<\/b><\/p>\n<p>Can Sumoi Mont\u00f2nega Ancestral (Mont\u00f2nega. Agricultura ecol\u00f2gica. Pened\u00e8s) <b>27 \u20ac<\/b><\/p>\n<p>Anna Serra La Noia del Bosc (Xarel\u00b7lo. Ancestral. Pened\u00e9s) <b>30 \u20ac<\/b><\/p>\n<p>Joan Rubi\u00f3 Sumoll Ancestral (Sumoll. Agricultura ecol\u00f2gica. Pened\u00e8s) <b>33 \u20ac<\/b><\/p>\n<p>Mas Cand\u00ed Indomable (Sumoll, xarel\u00b7lo. Agricultura ecol\u00f2gica. Pened\u00e8s) <b>35 \u20ac<\/b><\/p>\n<p>Mondet Brut Nature (Pinot menieure, pinot noir, chardonnay. Champagne) <b>46 \u20ac<\/b><\/p>\n<p>&nbsp;<\/p>\n<p><b>WHITE WINES<\/b><\/p>\n<p>Home peix bl (Parellada. Terra Alta) <b>3,7 \u20ac \/ 18 \u20ac<\/b><\/p>\n<p>Ca N\u2019Estruc blanc (Chardonnay, garnatxa blanca, macabeu, muscat, xarel\u00b7lo. Cataunya) <b>19 \u20ac<\/b><\/p>\n<p>Perplejo (Verdejo. Agricultura ecol\u00f2gica. Rueda) <b>4 \u20ac \/ 20 \u20ac<\/b><\/p>\n<p>Batlliu de Sort Pantigana (Garnatxa blanca, macabeu. Costers del Segre) <b>23 \u20ac<\/b><\/p>\n<p>9+ 3r Selecci\u00f3 (Cartoix\u00e0 vermell. Agricultura ecol\u00f2gica. Tarragona) <b>4,7 \u20ac \/ 24 \u20ac<\/b><\/p>\n<p>Quinze Roures (Garnatxa blanca, garnatxa roja. Empord\u00e0) <b>24 \u20ac<\/b><\/p>\n<p>Tiro al Blanco (Godello, treixadura. Agricultura ecol\u00f2gica, Ribeiro) <b>4,9 \u20ac \/ 25 \u20ac<\/b><\/p>\n<p>La Petita Joan Rubi\u00f3 (Xarel\u00b7lo, malvas\u00eda, sumollblanc. Agricultura ecol\u00f2gica. Pened\u00e8s) <b>26 \u20ac<\/b><\/p>\n<p>La Fita Vinya de la Creu (Macabeu, malvasisa. Pened\u00e8s) <b>26 \u20ac<\/b><\/p>\n<p>Zarate Albari\u00f1o (Albari\u00f1o. Producci\u00f3n integrada. R\u00edas Baixas) <b>26 \u20ac<\/b><\/p>\n<p>Zuccardi Torront\u00e9s (Torront\u00e9s. Argentina) <b>28 \u20ac<\/b><\/p>\n<p>La Foradada (Vernatxa blanca. Agricultura ecol\u00f2gica. Terra Alta) <b>28 \u20ac<\/b><\/p>\n<p>La Rumbera (Pansa blanca. Agricultura ecol\u00f2gica. Alella) <b>29 \u20ac<\/b><\/p>\n<p>Siuralta Orange (Garnatxa blanca. Agricultura ecol\u00f2gica. Montsant) <b>30 \u20ac<\/b><\/p>\n<p>Bellotti Semplicemente Bianco (Cortese, chardonnay. Agricultura biodin\u00e1mica, Italia, Piamonte) <b>31 \u20ac<\/b><\/p>\n<p>La Lambreta Gemma Mir\u00f3 (Moscatel. Priorat) <b>32 \u20ac<\/b><\/p>\n<p>&nbsp;<\/p>\n<p><b>ROSE WINES<\/b><\/p>\n<p>Gramona Ca La Mar Mustillant Rosat (Merlot, syrah. Agricultura ecol\u00f2gica, Pened\u00e8s) <b>18 \u20ac<\/b><\/p>\n<p>L\u2019Abrunet Rosat (Vernatxa gris, blanca i negra. Agricultura ecol\u00f2gica. Terra Alta) <b>20 \u20ac<\/b><\/p>\n<p>Sindicat de La Figuera Rosat (Garnatxa. Montsant) <b>21 \u20ac<\/b><\/p>\n<p>Les Cousins L\u2019Antagonique (Garnatxa negra, carinyena. Priorat) <b>26 \u20ac<\/b><\/p>\n<p>\u00d2rbita Venus Rosat (Macabeu, trepat. Montsant) <b>25 \u20ac<\/b><\/p>\n<p>&nbsp;<\/p>\n<p><b>RED WINES<\/b><\/p>\n<p>L\u2019Home Peix negre (Garnatxa, carinyena. Terra Alta) <b>3,7 \u20ac \/ 18 \u20ac<\/b><\/p>\n<p>Entrelobos (Tempranillo. Ribera del Duero) <b>4 \u20ac \/ 20 \u20ac<\/b><\/p>\n<p>Baudili (Cabernet sauvignon, xarel\u00b7lo, parellada. Agricultura ecol\u00f2gica. Pened\u00e8s) <b>20 \u20ac<\/b><\/p>\n<p>Son Vell Corrent (Callet, fogoneu. Agricultura ecol\u00f2gica. Mallorca) <b>4 \u20ac \/ 20 \u20ac<\/b><\/p>\n<p>\u00d3nra Negre (Garnatxa, cabernet sauvignon. Agricultura ecol\u00f2gica. Costers del Segre) <b>22 \u20ac<\/b><\/p>\n<p>Agr\u00edcola de Cadalso (Syrah. Madrid. Sierra de Gredos) <b>22 \u20ac<\/b><\/p>\n<p>Sileo (Garnatxa, sams\u00f3. Agricultura ecol\u00f2gica. Montsant) <b>23 \u20ac<\/b><\/p>\n<p>Bancal del Bosc Negre (Garnatxa, garnatxa peluda, carinyena. Agricultura ecol\u00f2gica. Montsant) <b>24 \u20ac<\/b><\/p>\n<p>Les Cousins L\u2019Inconscient (Garnatxa, carinyena, merlot, cabernet sauvignon, syrah, garnatxa blanca, viognier. Priorat) <b>4,7 \u20ac \/ 24 \u20ac<\/b><\/p>\n<p>Artuke Pies Negros (Tempranillo, graciano. Agricultura ecol\u00f2gica. Rioja) <b>4,9 \u20ac \/ 25 \u20ac<\/b><\/p>\n<p>Peixe da Estrada (Mourat\u00f3n, menc\u00eda, garnacha tintorera, grao negro, dona branca, godello. Vinyes velles. Galicia) <b>29 \u20ac<\/b><\/p>\n<p>Dido Negre (Garnatxa,carinyena, syrah, cabernet sauvignon, merlot. Agricultura ecol\u00f2gica. Montsant) <b>30 \u20ac<\/b><\/p>\n<p>Castro Candaz Finca El Curvado (Menc\u00eda. Ribera Sacra) <b>31 \u20ac<\/b><\/p>\n<p>Lindes de Remelluri San Vicente (Garnacha, graciano, tempranillo. Rioja) <b>32 \u20ac<\/b><\/p>\n<p>Bonnet Cotton Brouilly Bonn\u00e8ge (Gamay. Beujolais) <b>35 \u20ac<\/b><\/p>\n<p>Madelon Ganevat (Gamay, enfarines. Agricultura ecol\u00f2gica. Jura) <b>47 \u20ac<\/b><\/p>\n<p>Ferrer Bobet (Carinyena, garnatxa, syrah, cabernet sauvignon. Agricultura ecol\u00f2gica. Priorat) <b>50 \u20ac<\/b><\/p>\n<p>&nbsp;<\/p>\n<p><b>SWEET WINES<\/b><\/p>\n<p>Espelt Airam (Garnatxa negre i rosada. Empord\u00e0) <b>3,50 \u20ac<\/b><\/p>\n<p>Moscatel la Marina (Moscatel de alejandria. Alicante) <b>3,50 \u20ac<\/b><\/p>\n<p>Fino Maestro Sierra (Palomino. Jerez) <b>4,50 \u20ac<\/b><\/p>\n<p>Chateau Violet-Lamothe (Semillon. Sauterns) <b>4,50 \u20ac<\/b><\/p>\n<p>Cream Maestro Sierra (Palomino, pedro ximenez. Jerez) <b>4,50 \u20ac<\/b><\/p>\n<p>Maestro Sierra P. X (Pedro ximenez. Jerez) <b>4,50 \u20ac<\/b><\/p>\n<p>Amontillado Maestro Sierra (Palomino. Jerez) <b>6,50 \u20ac<\/b>[\/vc_column_text]\t<\/div>\n<\/div><\/div>\t\t<\/div>\n\t<\/div>\n<\/div><\/div>[\/vc_column_inner][\/vc_row_inner][\/vc_column][\/vc_row]<\/p>\n","protected":false},"excerpt":{"rendered":"<p>[vc_row content_text_aligment=&#8221;&#8221; use_row_as_full_screen_section=&#8221;no&#8221;][vc_column][vc_row_inner content_text_aligment=&#8221;&#8221; css=&#8221;.vc_custom_1467102532369{margin-right: 0px !important;margin-left: 0px !important;}&#8221;][vc_column_inner css=&#8221;.vc_custom_1467200934214{padding-right: 0px !important;padding-left: 0px !important;}&#8221; offset=&#8221;vc_col-md-6&#8243;][\/vc_column_inner][vc_column_inner css=&#8221;.vc_custom_1467200940727{padding-right: 0px !important;padding-left: 0px !important;}&#8221; offset=&#8221;vc_col-md-6&#8243;][\/vc_column_inner][\/vc_row_inner][\/vc_column][\/vc_row]<\/p>\n","protected":false},"author":1,"featured_media":0,"parent":0,"menu_order":0,"comment_status":"closed","ping_status":"closed","template":"full-width.php","meta":{"footnotes":""},"yoast_head":"<!-- This site is optimized with the Yoast SEO plugin v24.5 - https:\/\/yoast.com\/wordpress\/plugins\/seo\/ -->\n<title>Menu - Bar Verat<\/title>\n<meta name=\"robots\" content=\"index, follow, max-snippet:-1, max-image-preview:large, max-video-preview:-1\" \/>\n<link rel=\"canonical\" href=\"https:\/\/www.barverat.com\/en\/carta-en\/\" \/>\n<meta property=\"og:locale\" content=\"en_US\" \/>\n<meta property=\"og:type\" content=\"article\" \/>\n<meta property=\"og:title\" content=\"Menu - Bar Verat\" \/>\n<meta property=\"og:description\" content=\"[vc_row content_text_aligment=&#8221;&#8221; use_row_as_full_screen_section=&#8221;no&#8221;][vc_column][vc_row_inner content_text_aligment=&#8221;&#8221; css=&#8221;.vc_custom_1467102532369{margin-right: 0px !important;margin-left: 0px !important;}&#8221;][vc_column_inner css=&#8221;.vc_custom_1467200934214{padding-right: 0px !important;padding-left: 0px !important;}&#8221; offset=&#8221;vc_col-md-6&#8243;][\/vc_column_inner][vc_column_inner css=&#8221;.vc_custom_1467200940727{padding-right: 0px !important;padding-left: 0px !important;}&#8221; offset=&#8221;vc_col-md-6&#8243;][\/vc_column_inner][\/vc_row_inner][\/vc_column][\/vc_row]\" \/>\n<meta property=\"og:url\" content=\"https:\/\/www.barverat.com\/en\/carta-en\/\" \/>\n<meta property=\"og:site_name\" content=\"Bar Verat\" \/>\n<meta property=\"article:modified_time\" content=\"2026-02-13T11:10:01+00:00\" \/>\n<meta name=\"twitter:card\" content=\"summary_large_image\" \/>\n<meta name=\"twitter:label1\" content=\"Est. reading time\" \/>\n\t<meta name=\"twitter:data1\" content=\"5 minutes\" \/>\n<script type=\"application\/ld+json\" class=\"yoast-schema-graph\">{\"@context\":\"https:\/\/schema.org\",\"@graph\":[{\"@type\":\"WebPage\",\"@id\":\"https:\/\/www.barverat.com\/en\/carta-en\/\",\"url\":\"https:\/\/www.barverat.com\/en\/carta-en\/\",\"name\":\"Menu - Bar Verat\",\"isPartOf\":{\"@id\":\"https:\/\/www.barverat.com\/#website\"},\"datePublished\":\"2018-10-23T11:00:51+00:00\",\"dateModified\":\"2026-02-13T11:10:01+00:00\",\"breadcrumb\":{\"@id\":\"https:\/\/www.barverat.com\/en\/carta-en\/#breadcrumb\"},\"inLanguage\":\"en-US\",\"potentialAction\":[{\"@type\":\"ReadAction\",\"target\":[\"https:\/\/www.barverat.com\/en\/carta-en\/\"]}]},{\"@type\":\"BreadcrumbList\",\"@id\":\"https:\/\/www.barverat.com\/en\/carta-en\/#breadcrumb\",\"itemListElement\":[{\"@type\":\"ListItem\",\"position\":1,\"name\":\"Home\",\"item\":\"https:\/\/www.barverat.com\/en\/\"},{\"@type\":\"ListItem\",\"position\":2,\"name\":\"Menu\"}]},{\"@type\":\"WebSite\",\"@id\":\"https:\/\/www.barverat.com\/#website\",\"url\":\"https:\/\/www.barverat.com\/\",\"name\":\"Bar Verat\",\"description\":\"La cuina relaxada de la Mar i el V\u00edctor\",\"potentialAction\":[{\"@type\":\"SearchAction\",\"target\":{\"@type\":\"EntryPoint\",\"urlTemplate\":\"https:\/\/www.barverat.com\/?s={search_term_string}\"},\"query-input\":{\"@type\":\"PropertyValueSpecification\",\"valueRequired\":true,\"valueName\":\"search_term_string\"}}],\"inLanguage\":\"en-US\"}]}<\/script>\n<!-- \/ Yoast SEO plugin. -->","yoast_head_json":{"title":"Menu - Bar Verat","robots":{"index":"index","follow":"follow","max-snippet":"max-snippet:-1","max-image-preview":"max-image-preview:large","max-video-preview":"max-video-preview:-1"},"canonical":"https:\/\/www.barverat.com\/en\/carta-en\/","og_locale":"en_US","og_type":"article","og_title":"Menu - Bar Verat","og_description":"[vc_row content_text_aligment=&#8221;&#8221; use_row_as_full_screen_section=&#8221;no&#8221;][vc_column][vc_row_inner content_text_aligment=&#8221;&#8221; css=&#8221;.vc_custom_1467102532369{margin-right: 0px !important;margin-left: 0px !important;}&#8221;][vc_column_inner css=&#8221;.vc_custom_1467200934214{padding-right: 0px !important;padding-left: 0px !important;}&#8221; offset=&#8221;vc_col-md-6&#8243;][\/vc_column_inner][vc_column_inner css=&#8221;.vc_custom_1467200940727{padding-right: 0px !important;padding-left: 0px !important;}&#8221; offset=&#8221;vc_col-md-6&#8243;][\/vc_column_inner][\/vc_row_inner][\/vc_column][\/vc_row]","og_url":"https:\/\/www.barverat.com\/en\/carta-en\/","og_site_name":"Bar Verat","article_modified_time":"2026-02-13T11:10:01+00:00","twitter_card":"summary_large_image","twitter_misc":{"Est. reading time":"5 minutes"},"schema":{"@context":"https:\/\/schema.org","@graph":[{"@type":"WebPage","@id":"https:\/\/www.barverat.com\/en\/carta-en\/","url":"https:\/\/www.barverat.com\/en\/carta-en\/","name":"Menu - Bar Verat","isPartOf":{"@id":"https:\/\/www.barverat.com\/#website"},"datePublished":"2018-10-23T11:00:51+00:00","dateModified":"2026-02-13T11:10:01+00:00","breadcrumb":{"@id":"https:\/\/www.barverat.com\/en\/carta-en\/#breadcrumb"},"inLanguage":"en-US","potentialAction":[{"@type":"ReadAction","target":["https:\/\/www.barverat.com\/en\/carta-en\/"]}]},{"@type":"BreadcrumbList","@id":"https:\/\/www.barverat.com\/en\/carta-en\/#breadcrumb","itemListElement":[{"@type":"ListItem","position":1,"name":"Home","item":"https:\/\/www.barverat.com\/en\/"},{"@type":"ListItem","position":2,"name":"Menu"}]},{"@type":"WebSite","@id":"https:\/\/www.barverat.com\/#website","url":"https:\/\/www.barverat.com\/","name":"Bar Verat","description":"La cuina relaxada de la Mar i el V\u00edctor","potentialAction":[{"@type":"SearchAction","target":{"@type":"EntryPoint","urlTemplate":"https:\/\/www.barverat.com\/?s={search_term_string}"},"query-input":{"@type":"PropertyValueSpecification","valueRequired":true,"valueName":"search_term_string"}}],"inLanguage":"en-US"}]}},"_links":{"self":[{"href":"https:\/\/www.barverat.com\/en\/wp-json\/wp\/v2\/pages\/4646"}],"collection":[{"href":"https:\/\/www.barverat.com\/en\/wp-json\/wp\/v2\/pages"}],"about":[{"href":"https:\/\/www.barverat.com\/en\/wp-json\/wp\/v2\/types\/page"}],"author":[{"embeddable":true,"href":"https:\/\/www.barverat.com\/en\/wp-json\/wp\/v2\/users\/1"}],"replies":[{"embeddable":true,"href":"https:\/\/www.barverat.com\/en\/wp-json\/wp\/v2\/comments?post=4646"}],"version-history":[{"count":139,"href":"https:\/\/www.barverat.com\/en\/wp-json\/wp\/v2\/pages\/4646\/revisions"}],"predecessor-version":[{"id":6029,"href":"https:\/\/www.barverat.com\/en\/wp-json\/wp\/v2\/pages\/4646\/revisions\/6029"}],"wp:attachment":[{"href":"https:\/\/www.barverat.com\/en\/wp-json\/wp\/v2\/media?parent=4646"}],"curies":[{"name":"wp","href":"https:\/\/api.w.org\/{rel}","templated":true}]}}