{"id":4654,"date":"2018-10-23T11:01:45","date_gmt":"2018-10-23T11:01:45","guid":{"rendered":"http:\/\/www.barverat.com\/?page_id=4654"},"modified":"2018-10-23T11:08:11","modified_gmt":"2018-10-23T11:08:11","slug":"politica-de-privacitat-en","status":"publish","type":"page","link":"https:\/\/www.barverat.com\/en\/politica-de-privacitat-en\/","title":{"rendered":"Pol\u00edtica de privacitat (en)"},"content":{"rendered":"<p>[vc_row content_text_aligment=&#8221;&#8221; use_row_as_full_screen_section=&#8221;no&#8221;][vc_column][vc_column_text]<\/p>\n<p style=\"text-align: left;\">De conformidad con lo establecido en la normativa vigente en Protecci\u00f3n de Datos de Car\u00e1cter Personal, le informamos que sus datos ser\u00e1n incorporados al sistema de tratamiento titularidad de VICTOR I DUNIA SL con CIF B62476544 y domicilio social sito en AV PALLARESA 104 08921, SANTA COLOMA DE GRAMENET (BARCELONA), con la finalidad de poder remitirle la correspondiente factura. En cumplimiento con la normativa vigente, VICTOR I DUNIA SL informa que los datos ser\u00e1n conservados durante EL PLAZO LEGALMENTE ESTABLECIDO.<\/p>\n<p style=\"text-align: left;\">Con la presente cl\u00e1usula queda informado de que sus datos ser\u00e1n comunicados en caso de ser necesario a: administraciones p\u00fablicas y a todas aquellas entidades con las que sea necesaria la comunicaci\u00f3n con la finalidad de cumplir con la prestaci\u00f3n del servicio anteriormente mencionado.<\/p>\n<p style=\"text-align: left;\">El hecho de no facilitar los datos a las entidades mencionadas implica que no se pueda cumplir con la prestaci\u00f3n de los servicios. A su vez, le informamos que puede contactar con el Delegado de Protecci\u00f3n de Datos de VICTOR I DUNIA SL, dirigi\u00e9ndose por escrito a la<span class=\"Apple-converted-space\">\u00a0 <\/span>direcci\u00f3n de correo dpo.cliente@conversia.es o al tel\u00e9fono 902877192. VICTOR I DUNIA SL informa que proceder\u00e1 a tratar los datos de manera l\u00edcita, leal, transparente, adecuada, pertinente, limitada, exacta y actualizada. Es por ello que VICTOR I DUNIA SL se compromete a adoptar todas las medidas razonables para que estos se supriman o rectifiquen sin dilaci\u00f3n cuando sean inexactos.<\/p>\n<p style=\"text-align: left;\">Podr\u00e1 ejercer los derechos de acceso, rectificaci\u00f3n, limitaci\u00f3n de tratamiento, supresi\u00f3n, portabilidad y oposici\u00f3n\/revocaci\u00f3n, en los t\u00e9rminos que establece la normativa vigente en materia de protecci\u00f3n de datos, dirigiendo su petici\u00f3n a la direcci\u00f3n postal AV PALLARESA 104 08921, SANTA COLOMA DE GRAMENET (BARCELONA) o bien a trav\u00e9s de correo electr\u00f3nico COMUNICACIO@LLUERNARESTAURANT.COM. Podr\u00e1 dirigirse a la Autoridad de Control competente para presentar la reclamaci\u00f3n que considere oportuna.<\/p>\n<p>&nbsp;<\/p>\n<p>[\/vc_column_text][\/vc_column][\/vc_row]<\/p>\n","protected":false},"excerpt":{"rendered":"<p>[vc_row content_text_aligment=&#8221;&#8221; use_row_as_full_screen_section=&#8221;no&#8221;][vc_column][vc_column_text] De conformidad con lo establecido en la normativa vigente en Protecci\u00f3n de Datos de Car\u00e1cter Personal, le informamos que sus datos ser\u00e1n incorporados al sistema de tratamiento titularidad de VICTOR I DUNIA SL con CIF B62476544 y domicilio social sito en AV [&hellip;]<\/p>\n","protected":false},"author":1,"featured_media":0,"parent":0,"menu_order":0,"comment_status":"closed","ping_status":"closed","template":"","meta":{"footnotes":""},"yoast_head":"<!-- This site is optimized with the Yoast SEO plugin v24.5 - https:\/\/yoast.com\/wordpress\/plugins\/seo\/ -->\n<title>Pol\u00edtica de privacitat (en) - Bar Verat<\/title>\n<meta name=\"robots\" content=\"index, follow, max-snippet:-1, max-image-preview:large, max-video-preview:-1\" \/>\n<link rel=\"canonical\" href=\"https:\/\/www.barverat.com\/en\/politica-de-privacitat-en\/\" \/>\n<meta property=\"og:locale\" content=\"en_US\" \/>\n<meta property=\"og:type\" content=\"article\" \/>\n<meta property=\"og:title\" content=\"Pol\u00edtica de privacitat (en) - Bar Verat\" \/>\n<meta property=\"og:description\" content=\"[vc_row content_text_aligment=&#8221;&#8221; use_row_as_full_screen_section=&#8221;no&#8221;][vc_column][vc_column_text] De conformidad con lo establecido en la normativa vigente en Protecci\u00f3n de Datos de Car\u00e1cter Personal, le informamos que sus datos ser\u00e1n incorporados al sistema de tratamiento titularidad de VICTOR I DUNIA SL con CIF B62476544 y domicilio social sito en AV [&hellip;]\" \/>\n<meta property=\"og:url\" content=\"https:\/\/www.barverat.com\/en\/politica-de-privacitat-en\/\" \/>\n<meta property=\"og:site_name\" content=\"Bar Verat\" \/>\n<meta property=\"article:modified_time\" content=\"2018-10-23T11:08:11+00:00\" \/>\n<meta name=\"twitter:card\" content=\"summary_large_image\" \/>\n<meta name=\"twitter:label1\" content=\"Est. reading time\" \/>\n\t<meta name=\"twitter:data1\" content=\"2 minutes\" \/>\n<script type=\"application\/ld+json\" class=\"yoast-schema-graph\">{\"@context\":\"https:\/\/schema.org\",\"@graph\":[{\"@type\":\"WebPage\",\"@id\":\"https:\/\/www.barverat.com\/en\/politica-de-privacitat-en\/\",\"url\":\"https:\/\/www.barverat.com\/en\/politica-de-privacitat-en\/\",\"name\":\"Pol\u00edtica de privacitat (en) - Bar Verat\",\"isPartOf\":{\"@id\":\"https:\/\/www.barverat.com\/#website\"},\"datePublished\":\"2018-10-23T11:01:45+00:00\",\"dateModified\":\"2018-10-23T11:08:11+00:00\",\"breadcrumb\":{\"@id\":\"https:\/\/www.barverat.com\/en\/politica-de-privacitat-en\/#breadcrumb\"},\"inLanguage\":\"en-US\",\"potentialAction\":[{\"@type\":\"ReadAction\",\"target\":[\"https:\/\/www.barverat.com\/en\/politica-de-privacitat-en\/\"]}]},{\"@type\":\"BreadcrumbList\",\"@id\":\"https:\/\/www.barverat.com\/en\/politica-de-privacitat-en\/#breadcrumb\",\"itemListElement\":[{\"@type\":\"ListItem\",\"position\":1,\"name\":\"Home\",\"item\":\"https:\/\/www.barverat.com\/en\/\"},{\"@type\":\"ListItem\",\"position\":2,\"name\":\"Pol\u00edtica de privacitat (en)\"}]},{\"@type\":\"WebSite\",\"@id\":\"https:\/\/www.barverat.com\/#website\",\"url\":\"https:\/\/www.barverat.com\/\",\"name\":\"Bar Verat\",\"description\":\"La cuina relaxada de la Mar i el V\u00edctor\",\"potentialAction\":[{\"@type\":\"SearchAction\",\"target\":{\"@type\":\"EntryPoint\",\"urlTemplate\":\"https:\/\/www.barverat.com\/?s={search_term_string}\"},\"query-input\":{\"@type\":\"PropertyValueSpecification\",\"valueRequired\":true,\"valueName\":\"search_term_string\"}}],\"inLanguage\":\"en-US\"}]}<\/script>\n<!-- \/ Yoast SEO plugin. -->","yoast_head_json":{"title":"Pol\u00edtica de privacitat (en) - Bar Verat","robots":{"index":"index","follow":"follow","max-snippet":"max-snippet:-1","max-image-preview":"max-image-preview:large","max-video-preview":"max-video-preview:-1"},"canonical":"https:\/\/www.barverat.com\/en\/politica-de-privacitat-en\/","og_locale":"en_US","og_type":"article","og_title":"Pol\u00edtica de privacitat (en) - Bar Verat","og_description":"[vc_row content_text_aligment=&#8221;&#8221; use_row_as_full_screen_section=&#8221;no&#8221;][vc_column][vc_column_text] De conformidad con lo establecido en la normativa vigente en Protecci\u00f3n de Datos de Car\u00e1cter Personal, le informamos que sus datos ser\u00e1n incorporados al sistema de tratamiento titularidad de VICTOR I DUNIA SL con CIF B62476544 y domicilio social sito en AV [&hellip;]","og_url":"https:\/\/www.barverat.com\/en\/politica-de-privacitat-en\/","og_site_name":"Bar Verat","article_modified_time":"2018-10-23T11:08:11+00:00","twitter_card":"summary_large_image","twitter_misc":{"Est. reading time":"2 minutes"},"schema":{"@context":"https:\/\/schema.org","@graph":[{"@type":"WebPage","@id":"https:\/\/www.barverat.com\/en\/politica-de-privacitat-en\/","url":"https:\/\/www.barverat.com\/en\/politica-de-privacitat-en\/","name":"Pol\u00edtica de privacitat (en) - Bar Verat","isPartOf":{"@id":"https:\/\/www.barverat.com\/#website"},"datePublished":"2018-10-23T11:01:45+00:00","dateModified":"2018-10-23T11:08:11+00:00","breadcrumb":{"@id":"https:\/\/www.barverat.com\/en\/politica-de-privacitat-en\/#breadcrumb"},"inLanguage":"en-US","potentialAction":[{"@type":"ReadAction","target":["https:\/\/www.barverat.com\/en\/politica-de-privacitat-en\/"]}]},{"@type":"BreadcrumbList","@id":"https:\/\/www.barverat.com\/en\/politica-de-privacitat-en\/#breadcrumb","itemListElement":[{"@type":"ListItem","position":1,"name":"Home","item":"https:\/\/www.barverat.com\/en\/"},{"@type":"ListItem","position":2,"name":"Pol\u00edtica de privacitat (en)"}]},{"@type":"WebSite","@id":"https:\/\/www.barverat.com\/#website","url":"https:\/\/www.barverat.com\/","name":"Bar Verat","description":"La cuina relaxada de la Mar i el V\u00edctor","potentialAction":[{"@type":"SearchAction","target":{"@type":"EntryPoint","urlTemplate":"https:\/\/www.barverat.com\/?s={search_term_string}"},"query-input":{"@type":"PropertyValueSpecification","valueRequired":true,"valueName":"search_term_string"}}],"inLanguage":"en-US"}]}},"_links":{"self":[{"href":"https:\/\/www.barverat.com\/en\/wp-json\/wp\/v2\/pages\/4654"}],"collection":[{"href":"https:\/\/www.barverat.com\/en\/wp-json\/wp\/v2\/pages"}],"about":[{"href":"https:\/\/www.barverat.com\/en\/wp-json\/wp\/v2\/types\/page"}],"author":[{"embeddable":true,"href":"https:\/\/www.barverat.com\/en\/wp-json\/wp\/v2\/users\/1"}],"replies":[{"embeddable":true,"href":"https:\/\/www.barverat.com\/en\/wp-json\/wp\/v2\/comments?post=4654"}],"version-history":[{"count":1,"href":"https:\/\/www.barverat.com\/en\/wp-json\/wp\/v2\/pages\/4654\/revisions"}],"predecessor-version":[{"id":4660,"href":"https:\/\/www.barverat.com\/en\/wp-json\/wp\/v2\/pages\/4654\/revisions\/4660"}],"wp:attachment":[{"href":"https:\/\/www.barverat.com\/en\/wp-json\/wp\/v2\/media?parent=4654"}],"curies":[{"name":"wp","href":"https:\/\/api.w.org\/{rel}","templated":true}]}}