{"id":4647,"date":"2018-10-23T11:04:33","date_gmt":"2018-10-23T11:04:33","guid":{"rendered":"http:\/\/www.barverat.com\/?page_id=4647"},"modified":"2026-02-13T07:14:35","modified_gmt":"2026-02-13T07:14:35","slug":"carta-es","status":"publish","type":"page","link":"https:\/\/www.barverat.com\/es\/carta-es\/","title":{"rendered":"Carta"},"content":{"rendered":"<p>[vc_row content_text_aligment=\u00bb\u00bb use_row_as_full_screen_section=\u00bbno\u00bb][vc_column][vc_row_inner content_text_aligment=\u00bb\u00bb css=\u00bb.vc_custom_1467102532369{margin-right: 0px !important;margin-left: 0px !important;}\u00bb][vc_column_inner css=\u00bb.vc_custom_1467200934214{padding-right: 0px !important;padding-left: 0px !important;}\u00bb offset=\u00bbvc_col-md-6&#8243;]<div class=\"edgtf-elements-holder edgtf-one-column edgtf-responsive-mode-768\" ><div class=\"edgtf-eh-item edgtf-vertical-alignment-middle edgtf-horizontal-alignment-left\" style=\"background-image: url(https:\/\/www.barverat.com\/wp-content\/uploads\/2018\/05\/carta-1.jpg)\" data-item-class=\"edgtf-eh-custom-288952\" data-1280-1600=\"62.5% 1% 62.7% 1%\" data-1024-1280=\"63.2% 1% 62% 1%\" data-768-1024=\"62.5% 1% 66% 1%\" data-600-768=\"0.5% 1% 66% 1%\">\n\t<div class=\"edgtf-eh-item-inner\">\n\t\t<div class=\"edgtf-eh-item-content edgtf-eh-custom-288952\" style=\"padding: 57.5% 1% 57% 1%\">\n\t\t\t[vc_empty_space height=\u00bb10&#8243;]\t\t<\/div>\n\t<\/div>\n<\/div><\/div>[\/vc_column_inner][vc_column_inner css=\u00bb.vc_custom_1467200940727{padding-right: 0px !important;padding-left: 0px !important;}\u00bb offset=\u00bbvc_col-md-6&#8243;]<div class=\"edgtf-elements-holder edgtf-one-column edgtf-responsive-mode-768\" ><div class=\"edgtf-eh-item edgtf-vertical-alignment-middle edgtf-horizontal-alignment-left\"  data-item-class=\"edgtf-eh-custom-660844\" data-1280-1600=\"18.7% 7.5% 10% 7.5%\" data-1024-1280=\"12% 5% 7% 5%\" data-768-1024=\"0% 5% 0% 5%\" data-600-768=\"3% 12% 5% 12%\" data-480-600=\"19.7% 3% 29% 3%\" data-480=\"19.7% 3% 29% 3%\">\n\t<div class=\"edgtf-eh-item-inner\">\n\t\t<div class=\"edgtf-eh-item-content edgtf-eh-custom-660844\" style=\"padding: 19.7% 12.5% 10% 12.5%\">\n\t\t\t[vc_column_text]<\/p>\n<h1>Carta<\/h1>\n<p>[\/vc_column_text][vc_separator color=\u00bbwhite\u00bb css=\u00bb.vc_custom_1467196846222{padding-top: 5.8% !important;}\u00bb]<div class=\"edgtf-accordion-holder clearfix edgtf-ac-default edgtf-accordion \">\n\t<h4 class=\"clearfix edgtf-title-holder\">\n    <span class=\"edgtf-accordion-mark\">\n\t\t<span class=\"edgtf-accordion-mark-icon\">\n\t\t\t<span class=\"edgtf_icon_plus icon-arrows-plus\"><\/span>\n\t\t\t<span class=\"edgtf_icon_minus icon-arrows-minus\"><\/span>\n\t\t<\/span>\n\t<\/span>\n\t<span class=\"edgtf-tab-title\">Croquetas<\/span>\n<\/h4>\n<div class=\"edgtf-accordion-content\">\n\t<div class=\"edgtf-accordion-content-inner\">\n\t\t[vc_column_text]<\/p>\n<p class=\"p1\"><span class=\"s1\">Croquetas de espinacas a la catalana (4u) <b>9 \u20ac<\/b><b><\/b><\/span><\/p>\n<p class=\"p1\"><span class=\"s1\">Croquetas de chipirones en su tinta (4u) <b>9 \u20ac<\/b><b><\/b><\/span><\/p>\n<p class=\"p1\"><span class=\"s1\">Croquetas de jam\u00f3n ib\u00e9rico (4u) <b>10,5 \u20ac<\/b><b><\/b><\/span><\/p>\n<p class=\"p1\"><span class=\"s1\">Falafel con salsa de yogur y menta (4u) <b>6,5 \u20ac<\/b><b><\/b><\/span><\/p>\n<p class=\"p1\"><span class=\"s1\">Tr\u00edo de croquetas (6u) <b>14,5 \u20ac<\/b><\/span><\/p>\n<p>[\/vc_column_text]\t<\/div>\n<\/div><h4 class=\"clearfix edgtf-title-holder\">\n    <span class=\"edgtf-accordion-mark\">\n\t\t<span class=\"edgtf-accordion-mark-icon\">\n\t\t\t<span class=\"edgtf_icon_plus icon-arrows-plus\"><\/span>\n\t\t\t<span class=\"edgtf_icon_minus icon-arrows-minus\"><\/span>\n\t\t<\/span>\n\t<\/span>\n\t<span class=\"edgtf-tab-title\">Pan<\/span>\n<\/h4>\n<div class=\"edgtf-accordion-content\">\n\t<div class=\"edgtf-accordion-content-inner\">\n\t\t[vc_column_text]<\/p>\n<p class=\"p1\"><span class=\"s1\">Focaccia de aceite de Triticum <b>2,7 \u20ac<\/b><b><\/b><\/span><\/p>\n<p class=\"p1\"><span class=\"s1\">Pan de coca ecol\u00f3gico de l\u2019Espiga d\u2019Or con tomate <b>3,8 \u20ac<\/b><\/span><\/p>\n<p>[\/vc_column_text]\t<\/div>\n<\/div><h4 class=\"clearfix edgtf-title-holder\">\n    <span class=\"edgtf-accordion-mark\">\n\t\t<span class=\"edgtf-accordion-mark-icon\">\n\t\t\t<span class=\"edgtf_icon_plus icon-arrows-plus\"><\/span>\n\t\t\t<span class=\"edgtf_icon_minus icon-arrows-minus\"><\/span>\n\t\t<\/span>\n\t<\/span>\n\t<span class=\"edgtf-tab-title\">Picar<\/span>\n<\/h4>\n<div class=\"edgtf-accordion-content\">\n\t<div class=\"edgtf-accordion-content-inner\">\n\t\t[vc_column_text]<\/p>\n<p class=\"p1\"><span class=\"s1\">Patatas bravas <b>5,5 \u20ac<\/b><b><\/b><\/span><\/p>\n<p class=\"p1\"><span class=\"s1\">Hummus con papadum <b>8 \u20ac<\/b><b><\/b><\/span><\/p>\n<p class=\"p1\"><span class=\"s1\">Puerro en escabeche, migas crujientes y cecina <b>8,5 \u20ac<\/b><b><\/b><\/span><\/p>\n<p class=\"p1\"><span class=\"s1\">Morcilla de wagyu y pimientos del piquillo <b>8,5 \u20ac<\/b><b><\/b><\/span><\/p>\n<p class=\"p1\"><span class=\"s1\">Bao de panceta duroc a baja temperatura (2u) <b>11 \u20ac<\/b><b><\/b><\/span><\/p>\n<p class=\"p1\"><span class=\"s1\">Tosta mejicana, at\u00fan rojo, guacamole, chipotle (2u) <b>13,5 \u20ac<\/b><b><\/b><\/span><\/p>\n<p class=\"p1\"><span class=\"s1\">Berenjena, stracciatella, sweet chili y aceite de albahaca <b>12 \u20ac<\/b><b><\/b><\/span><\/p>\n<p class=\"p1\"><span class=\"s1\">Raviolis de b\u00fafala y trufa con salsa de calabaza <b>14 \u20ac<\/b><b><\/b><\/span><\/p>\n<p class=\"p1\"><span class=\"s1\">Taco de pato Pek\u00edn (2u) <b>12 \u20ac<\/b><b><\/b><\/span><\/p>\n<p class=\"p1\"><span class=\"s1\">Canelones de asado (2u) <b>9,5 \u20ac<\/b><b><\/b><\/span><\/p>\n<p class=\"p1\"><span class=\"s1\">Bacalao sin sulfitos y pil pil de romesco <b>18 \u20ac<\/b><b><\/b><\/span><\/p>\n<p class=\"p1\"><span class=\"s1\">Corvina con curry tailand\u00e9s <b>17 \u20ac<\/b><b><\/b><\/span><\/p>\n<p class=\"p1\"><span class=\"s1\">Tataki de atun rojo y ponzu <b>18 \u20ac<\/b><b><\/b><\/span><\/p>\n<p class=\"p1\"><span class=\"s1\">Tonkatsu de cerdo de almendras <b>17 \u20ac<\/b><b><\/b><\/span><\/p>\n<p class=\"p1\"><span class=\"s1\">Oreja de cerdo duroc y mayonesa de Kimtxi <b>9,5 \u20ac<\/b><b><\/b><\/span><\/p>\n<p class=\"p1\"><span class=\"s1\">Taco de aj\u00ed de pollo (2u) <b>12 \u20ac<\/b><b><\/b><\/span><\/p>\n<p class=\"p1\"><span class=\"s1\">Taco de mole y pico de gallo (2u) <b>14 \u20ac<\/b><b><\/b><\/span><\/p>\n<p class=\"p1\"><span class=\"s1\">Wagyu de Moi\u00e0 a baja temperatura <b>24 \u20ac<\/b><b><\/b><\/span><\/p>\n<p class=\"p1\"><span class=\"s1\"> Tarrina de cochinillo ib\u00e9rico crujiente <b>18 \u20ac<\/b><\/span><\/p>\n<p>[\/vc_column_text]\t<\/div>\n<\/div><h4 class=\"clearfix edgtf-title-holder\">\n    <span class=\"edgtf-accordion-mark\">\n\t\t<span class=\"edgtf-accordion-mark-icon\">\n\t\t\t<span class=\"edgtf_icon_plus icon-arrows-plus\"><\/span>\n\t\t\t<span class=\"edgtf_icon_minus icon-arrows-minus\"><\/span>\n\t\t<\/span>\n\t<\/span>\n\t<span class=\"edgtf-tab-title\">Postres<\/span>\n<\/h4>\n<div class=\"edgtf-accordion-content\">\n\t<div class=\"edgtf-accordion-content-inner\">\n\t\t[vc_column_text]<\/p>\n<p class=\"p1\"><span class=\"s1\">Cheesecake y albaricoque <b>6,5 \u20ac<\/b><\/span><\/p>\n<p class=\"p1\"><span class=\"s1\">Fondant de chocolate y espuma de avellanas <b>7 \u20ac<\/b><b><\/b><\/span><\/p>\n<p class=\"p1\"><span class=\"s1\">Espuma de coco, pi\u00f1a <b>6,5 \u20ac<\/b><b><\/b><\/span><\/p>\n<p class=\"p1\"><span class=\"s1\">Chucho relleno de crema de mascarpone y caf\u00e9 <b>7 \u20ac<\/b><b><\/b><\/span><\/p>\n<p class=\"p1\"><span class=\"s1\">Torrija Thai <b>7 \u20ac<\/b><b><\/b><\/span><\/p>\n<p class=\"p1\"><span class=\"s1\">Baklava de avellanas y chocolate <b>7 \u20ac<\/b><\/span><\/p>\n<p>[\/vc_column_text]\t<\/div>\n<\/div><h4 class=\"clearfix edgtf-title-holder\">\n    <span class=\"edgtf-accordion-mark\">\n\t\t<span class=\"edgtf-accordion-mark-icon\">\n\t\t\t<span class=\"edgtf_icon_plus icon-arrows-plus\"><\/span>\n\t\t\t<span class=\"edgtf_icon_minus icon-arrows-minus\"><\/span>\n\t\t<\/span>\n\t<\/span>\n\t<span class=\"edgtf-tab-title\">MEN\u00da PETIT 23\u20ac<\/span>\n<\/h4>\n<div class=\"edgtf-accordion-content\">\n\t<div class=\"edgtf-accordion-content-inner\">\n\t\t[vc_column_text]Hummus con papadum<\/p>\n<p>Croquetas de espinacas a la catalana (4u)<\/p>\n<p>Canelones de asado (2u)<\/p>\n<p>Taco de aj\u00ed de pollo<\/p>\n<p>Espuma de coco, pi\u00f1a y ron o Cheesecake y albaricoque<\/p>\n<p><em>M\u00ednimo 2 personas<\/em><br \/>\n<em>Incluye raci\u00f3n de pan, primera copa de vino, refresco o ca\u00f1a.<br \/>\n<\/em>Este men\u00fa se servir\u00e1 de martes a jueves mediod\u00eda y noche y viernes mediod\u00eda. No estar\u00e1 disponible viernes noche, s\u00e1bados, festivos y v\u00edsperas de festivos.[\/vc_column_text]\t<\/div>\n<\/div><h4 class=\"clearfix edgtf-title-holder\">\n    <span class=\"edgtf-accordion-mark\">\n\t\t<span class=\"edgtf-accordion-mark-icon\">\n\t\t\t<span class=\"edgtf_icon_plus icon-arrows-plus\"><\/span>\n\t\t\t<span class=\"edgtf_icon_minus icon-arrows-minus\"><\/span>\n\t\t<\/span>\n\t<\/span>\n\t<span class=\"edgtf-tab-title\">MEN\u00da VERAT 33\u20ac<\/span>\n<\/h4>\n<div class=\"edgtf-accordion-content\">\n\t<div class=\"edgtf-accordion-content-inner\">\n\t\t[vc_column_text]Hummus con papadum<\/p>\n<p>Puerro en escabeche, migas crujientes y cecina<\/p>\n<p>D\u00fao de croquetas (espinacas y jam\u00f3n)<\/p>\n<p>Bacalao sin sulfitos y pil pil de romesco<\/p>\n<p>Taco de mole y pico de gallo<\/p>\n<p>Torrija Thai o Cheesecake y albaricoque<\/p>\n<p><em>M\u00ednimo 2 personas<\/em><br \/>\n<em>Incluye raci\u00f3n de pan, primera copa de vino, refresco o ca\u00f1a<\/em>[\/vc_column_text]\t<\/div>\n<\/div><h4 class=\"clearfix edgtf-title-holder\">\n    <span class=\"edgtf-accordion-mark\">\n\t\t<span class=\"edgtf-accordion-mark-icon\">\n\t\t\t<span class=\"edgtf_icon_plus icon-arrows-plus\"><\/span>\n\t\t\t<span class=\"edgtf_icon_minus icon-arrows-minus\"><\/span>\n\t\t<\/span>\n\t<\/span>\n\t<span class=\"edgtf-tab-title\">MEN\u00da FESTIVAL 43\u20ac<\/span>\n<\/h4>\n<div class=\"edgtf-accordion-content\">\n\t<div class=\"edgtf-accordion-content-inner\">\n\t\t[vc_column_text]Este men\u00fa consta de las 7 mejores tapas del d\u00eda escogidas por el chef V\u00edctor Quintill\u00e0<\/p>\n<p><em>M\u00ednimo 2 personas<\/em><br \/>\n<em>Incluye raci\u00f3n de pan, primera copa de vino, refresco o ca\u00f1a<\/em><br \/>\n<em>Este men\u00fa s\u00f3lo se servir\u00e1 a mesa completa.<\/em>[\/vc_column_text]\t<\/div>\n<\/div><h4 class=\"clearfix edgtf-title-holder\">\n    <span class=\"edgtf-accordion-mark\">\n\t\t<span class=\"edgtf-accordion-mark-icon\">\n\t\t\t<span class=\"edgtf_icon_plus icon-arrows-plus\"><\/span>\n\t\t\t<span class=\"edgtf_icon_minus icon-arrows-minus\"><\/span>\n\t\t<\/span>\n\t<\/span>\n\t<span class=\"edgtf-tab-title\">Cervezas Damm<\/span>\n<\/h4>\n<div class=\"edgtf-accordion-content\">\n\t<div class=\"edgtf-accordion-content-inner\">\n\t\t[vc_column_text]Estrella Damm\u00a0<strong>Ca\u00f1a 2,3 \u20ac \/\u00a0 Copa 2,7 \u20ac<\/strong><\/p>\n<p>Turia\u00a0<strong>Ca\u00f1a 2,7 \u20ac \/\u00a0 Copa 3 \u20ac<\/strong><\/p>\n<p>Inedit\u00a0<strong>Ca\u00f1a 2,9 \u20ac \/\u00a0 Copa 3,6 \u20ac<\/strong>[\/vc_column_text]\t<\/div>\n<\/div><h4 class=\"clearfix edgtf-title-holder\">\n    <span class=\"edgtf-accordion-mark\">\n\t\t<span class=\"edgtf-accordion-mark-icon\">\n\t\t\t<span class=\"edgtf_icon_plus icon-arrows-plus\"><\/span>\n\t\t\t<span class=\"edgtf_icon_minus icon-arrows-minus\"><\/span>\n\t\t<\/span>\n\t<\/span>\n\t<span class=\"edgtf-tab-title\">Vinos<\/span>\n<\/h4>\n<div class=\"edgtf-accordion-content\">\n\t<div class=\"edgtf-accordion-content-inner\">\n\t\t[vc_column_text]<b>ESPUMOSOS<\/b><\/p>\n<p>Bocchoris brut nature (Macabeu, parellada, xarel\u00b7lo. Pened\u00e8s) <b>3,7 \u20ac \/ 19 \u20ac<\/b><\/p>\n<p>9+ 5\u00e8 (Sumoll. Ancestral, agricultura ecol\u00f2gica. Tarragona) <b>25 \u20ac<\/b><\/p>\n<p>Mirgin Gran Reserva (Xarel\u00b7lo, macabeu, parellada. Agricultura ecol\u00f2gica. Alella) <b>25 \u20ac<\/b><\/p>\n<p>Agulles de Plata rosat (Garnatxa negra. Ancestral, agricultura ecol\u00f2gica. Pened\u00e8s) <b>25 \u20ac<\/b><\/p>\n<p>Cam\u00ed dels Xops (Macabeu, xarel\u00b7lo. Ancestral, agricultura ecol\u00f2gica. Pened\u00e8s) <b>26 \u20ac<\/b><\/p>\n<p>Can Sumoi Mont\u00f2nega Ancestral (Mont\u00f2nega. Agricultura ecol\u00f2gica. Pened\u00e8s) <b>27 \u20ac<\/b><\/p>\n<p>Anna Serra La Noia del Bosc (Xarel\u00b7lo. Ancestral. Pened\u00e9s) <b>30 \u20ac<\/b><\/p>\n<p>Joan Rubi\u00f3 Sumoll Ancestral (Sumoll. Agricultura ecol\u00f2gica. Pened\u00e8s) <b>33 \u20ac<\/b><\/p>\n<p>Mas Cand\u00ed Indomable (Sumoll, xarel\u00b7lo. Agricultura ecol\u00f2gica. Pened\u00e8s) <b>35 \u20ac<\/b><\/p>\n<p>Mondet Brut Nature (Pinot menieure, pinot noir, chardonnay. Champagne) <b>46 \u20ac<\/b><\/p>\n<p>&nbsp;<\/p>\n<p><b>BLANCO<\/b><\/p>\n<p>Home peix bl (Parellada. Terra Alta) <b>3,7 \u20ac \/ 18 \u20ac<\/b><\/p>\n<p>Ca N\u2019Estruc blanc (Chardonnay, garnatxa blanca, macabeu, muscat, xarel\u00b7lo. Cataunya) <b>19 \u20ac<\/b><\/p>\n<p>Perplejo (Verdejo. Agricultura ecol\u00f2gica. Rueda) <b>4 \u20ac \/ 20 \u20ac<\/b><\/p>\n<p>Batlliu de Sort Pantigana (Garnatxa blanca, macabeu. Costers del Segre) <b>23 \u20ac<\/b><\/p>\n<p>9+ 3r Selecci\u00f3 (Cartoix\u00e0 vermell. Agricultura ecol\u00f2gica. Tarragona) <b>4,7 \u20ac \/ 24 \u20ac<\/b><\/p>\n<p>Quinze Roures (Garnatxa blanca, garnatxa roja. Empord\u00e0) <b>24 \u20ac<\/b><\/p>\n<p>Tiro al Blanco (Godello, treixadura. Agricultura ecol\u00f2gica, Ribeiro) <b>4,9 \u20ac \/ 25 \u20ac<\/b><\/p>\n<p>La Petita Joan Rubi\u00f3 (Xarel\u00b7lo, malvas\u00eda, sumollblanc. Agricultura ecol\u00f2gica. Pened\u00e8s) <b>26 \u20ac<\/b><\/p>\n<p>La Fita Vinya de la Creu (Macabeu, malvasisa. Pened\u00e8s) <b>26 \u20ac<\/b><\/p>\n<p>Zarate Albari\u00f1o (Albari\u00f1o. Producci\u00f3n integrada. R\u00edas Baixas) <b>26 \u20ac<\/b><\/p>\n<p>Zuccardi Torront\u00e9s (Torront\u00e9s. Argentina) <b>28 \u20ac<\/b><\/p>\n<p>La Foradada (Vernatxa blanca. Agricultura ecol\u00f2gica. Terra Alta) <b>28 \u20ac<\/b><\/p>\n<p>La Rumbera (Pansa blanca. Agricultura ecol\u00f2gica. Alella) <b>29 \u20ac<\/b><\/p>\n<p>Siuralta Orange (Garnatxa blanca. Agricultura ecol\u00f2gica. Montsant) <b>30 \u20ac<\/b><\/p>\n<p>Bellotti Semplicemente Bianco (Cortese, chardonnay. Agricultura biodin\u00e1mica, Italia, Piamonte) <b>31 \u20ac<\/b><\/p>\n<p>La Lambreta Gemma Mir\u00f3 (Moscatel. Priorat) <b>32 \u20ac<\/b><\/p>\n<p>&nbsp;<\/p>\n<p><b>ROSADO<\/b><\/p>\n<p>Gramona Ca La Mar Mustillant Rosat (Merlot, syrah. Agricultura ecol\u00f2gica, Pened\u00e8s) <b>18 \u20ac<\/b><\/p>\n<p>L\u2019Abrunet Rosat (Vernatxa gris, blanca i negra. Agricultura ecol\u00f2gica. Terra Alta) <b>20 \u20ac<\/b><\/p>\n<p>Sindicat de La Figuera Rosat (Garnatxa. Montsant) <b>21 \u20ac<\/b><\/p>\n<p>Les Cousins L\u2019Antagonique (Garnatxa negra, carinyena. Priorat) <b>26 \u20ac<\/b><\/p>\n<p>\u00d2rbita Venus Rosat (Macabeu, trepat. Montsant) <b>25 \u20ac<\/b><\/p>\n<p>&nbsp;<\/p>\n<p><b>NEGRO<\/b><\/p>\n<p>L\u2019Home Peix negre (Garnatxa, carinyena. Terra Alta) <b>3,7 \u20ac \/ 18 \u20ac<\/b><\/p>\n<p>Entrelobos (Tempranillo. Ribera del Duero) <b>4 \u20ac \/ 20 \u20ac<\/b><\/p>\n<p>Baudili (Cabernet sauvignon, xarel\u00b7lo, parellada. Agricultura ecol\u00f2gica. Pened\u00e8s) <b>20 \u20ac<\/b><\/p>\n<p>Son Vell Corrent (Callet, fogoneu. Agricultura ecol\u00f2gica. Mallorca) <b>4 \u20ac \/ 20 \u20ac<\/b><\/p>\n<p>\u00d3nra Negre (Garnatxa, cabernet sauvignon. Agricultura ecol\u00f2gica. Costers del Segre) <b>22 \u20ac<\/b><\/p>\n<p>Agr\u00edcola de Cadalso (Syrah. Madrid. Sierra de Gredos) <b>22 \u20ac<\/b><\/p>\n<p>Sileo (Garnatxa, sams\u00f3. Agricultura ecol\u00f2gica. Montsant) <b>23 \u20ac<\/b><\/p>\n<p>Bancal del Bosc Negre (Garnatxa, garnatxa peluda, carinyena. Agricultura ecol\u00f2gica. Montsant) <b>24 \u20ac<\/b><\/p>\n<p>Les Cousins L\u2019Inconscient (Garnatxa, carinyena, merlot, cabernet sauvignon, syrah, garnatxa blanca, viognier. Priorat) <b>4,7 \u20ac \/ 24 \u20ac<\/b><\/p>\n<p>Artuke Pies Negros (Tempranillo, graciano. Agricultura ecol\u00f2gica. Rioja) <b>4,9 \u20ac \/ 25 \u20ac<\/b><\/p>\n<p>Peixe da Estrada (Mourat\u00f3n, menc\u00eda, garnacha tintorera, grao negro, dona branca, godello. Vinyes velles. Galicia) <b>29 \u20ac<\/b><\/p>\n<p>Dido Negre (Garnatxa,carinyena, syrah, cabernet sauvignon, merlot. Agricultura ecol\u00f2gica. Montsant) <b>30 \u20ac<\/b><\/p>\n<p>Castro Candaz Finca El Curvado (Menc\u00eda. Ribera Sacra) <b>31 \u20ac<\/b><\/p>\n<p>Lindes de Remelluri San Vicente (Garnacha, graciano, tempranillo. Rioja) <b>32 \u20ac<\/b><\/p>\n<p>Bonnet Cotton Brouilly Bonn\u00e8ge (Gamay. Beujolais) <b>35 \u20ac<\/b><\/p>\n<p>Madelon Ganevat (Gamay, enfarines. Agricultura ecol\u00f2gica. Jura) <b>47 \u20ac<\/b><\/p>\n<p>Ferrer Bobet (Carinyena, garnatxa, syrah, cabernet sauvignon. Agricultura ecol\u00f2gica. Priorat) <b>50 \u20ac<\/b><\/p>\n<p>&nbsp;<\/p>\n<p><b>VINO DULCE<\/b><\/p>\n<p>Espelt Airam (Garnatxa negre i rosada. Empord\u00e0) <b>3,50 \u20ac<\/b><\/p>\n<p>Moscatel la Marina (Moscatel de alejandria. Alicante) <b>3,50 \u20ac<\/b><\/p>\n<p>Fino Maestro Sierra (Palomino. Jerez) <b>4,50 \u20ac<\/b><\/p>\n<p>Chateau Violet-Lamothe (Semillon. Sauterns) <b>4,50 \u20ac<\/b><\/p>\n<p>Cream Maestro Sierra (Palomino, pedro ximenez. Jerez) <b>4,50 \u20ac<\/b><\/p>\n<p>Maestro Sierra P. X (Pedro ximenez. Jerez) <b>4,50 \u20ac<\/b><\/p>\n<p>Amontillado Maestro Sierra (Palomino. Jerez) <b>6,50 \u20ac<\/b>[\/vc_column_text]\t<\/div>\n<\/div><\/div>\t\t<\/div>\n\t<\/div>\n<\/div><\/div>[\/vc_column_inner][\/vc_row_inner][\/vc_column][\/vc_row]<\/p>\n","protected":false},"excerpt":{"rendered":"<p>[vc_row content_text_aligment=\u00bb\u00bb use_row_as_full_screen_section=\u00bbno\u00bb][vc_column][vc_row_inner content_text_aligment=\u00bb\u00bb css=\u00bb.vc_custom_1467102532369{margin-right: 0px !important;margin-left: 0px !important;}\u00bb][vc_column_inner css=\u00bb.vc_custom_1467200934214{padding-right: 0px !important;padding-left: 0px !important;}\u00bb offset=\u00bbvc_col-md-6&#8243;][\/vc_column_inner][vc_column_inner css=\u00bb.vc_custom_1467200940727{padding-right: 0px !important;padding-left: 0px !important;}\u00bb offset=\u00bbvc_col-md-6&#8243;][\/vc_column_inner][\/vc_row_inner][\/vc_column][\/vc_row]<\/p>\n","protected":false},"author":1,"featured_media":0,"parent":0,"menu_order":0,"comment_status":"closed","ping_status":"closed","template":"full-width.php","meta":{"footnotes":""},"yoast_head":"<!-- This site is optimized with the Yoast SEO plugin v24.5 - https:\/\/yoast.com\/wordpress\/plugins\/seo\/ -->\n<title>Carta - Bar Verat<\/title>\n<meta name=\"robots\" content=\"index, follow, max-snippet:-1, max-image-preview:large, max-video-preview:-1\" \/>\n<link rel=\"canonical\" href=\"https:\/\/www.barverat.com\/es\/carta-es\/\" \/>\n<meta property=\"og:locale\" content=\"es_ES\" \/>\n<meta property=\"og:type\" content=\"article\" \/>\n<meta property=\"og:title\" content=\"Carta - Bar Verat\" \/>\n<meta property=\"og:description\" content=\"[vc_row content_text_aligment=\u00bb\u00bb use_row_as_full_screen_section=\u00bbno\u00bb][vc_column][vc_row_inner content_text_aligment=\u00bb\u00bb css=\u00bb.vc_custom_1467102532369{margin-right: 0px !important;margin-left: 0px !important;}\u00bb][vc_column_inner css=\u00bb.vc_custom_1467200934214{padding-right: 0px !important;padding-left: 0px !important;}\u00bb offset=\u00bbvc_col-md-6&#8243;][\/vc_column_inner][vc_column_inner css=\u00bb.vc_custom_1467200940727{padding-right: 0px !important;padding-left: 0px !important;}\u00bb offset=\u00bbvc_col-md-6&#8243;][\/vc_column_inner][\/vc_row_inner][\/vc_column][\/vc_row]\" \/>\n<meta property=\"og:url\" content=\"https:\/\/www.barverat.com\/es\/carta-es\/\" \/>\n<meta property=\"og:site_name\" content=\"Bar Verat\" \/>\n<meta property=\"article:modified_time\" content=\"2026-02-13T07:14:35+00:00\" \/>\n<meta name=\"twitter:card\" content=\"summary_large_image\" \/>\n<meta name=\"twitter:label1\" content=\"Tiempo de lectura\" \/>\n\t<meta name=\"twitter:data1\" content=\"6 minutos\" \/>\n<script type=\"application\/ld+json\" class=\"yoast-schema-graph\">{\"@context\":\"https:\/\/schema.org\",\"@graph\":[{\"@type\":\"WebPage\",\"@id\":\"https:\/\/www.barverat.com\/es\/carta-es\/\",\"url\":\"https:\/\/www.barverat.com\/es\/carta-es\/\",\"name\":\"Carta - Bar Verat\",\"isPartOf\":{\"@id\":\"https:\/\/www.barverat.com\/#website\"},\"datePublished\":\"2018-10-23T11:04:33+00:00\",\"dateModified\":\"2026-02-13T07:14:35+00:00\",\"breadcrumb\":{\"@id\":\"https:\/\/www.barverat.com\/es\/carta-es\/#breadcrumb\"},\"inLanguage\":\"es\",\"potentialAction\":[{\"@type\":\"ReadAction\",\"target\":[\"https:\/\/www.barverat.com\/es\/carta-es\/\"]}]},{\"@type\":\"BreadcrumbList\",\"@id\":\"https:\/\/www.barverat.com\/es\/carta-es\/#breadcrumb\",\"itemListElement\":[{\"@type\":\"ListItem\",\"position\":1,\"name\":\"Home\",\"item\":\"https:\/\/www.barverat.com\/es\/\"},{\"@type\":\"ListItem\",\"position\":2,\"name\":\"Carta\"}]},{\"@type\":\"WebSite\",\"@id\":\"https:\/\/www.barverat.com\/#website\",\"url\":\"https:\/\/www.barverat.com\/\",\"name\":\"Bar Verat\",\"description\":\"La cuina relaxada de la Mar i el V\u00edctor\",\"potentialAction\":[{\"@type\":\"SearchAction\",\"target\":{\"@type\":\"EntryPoint\",\"urlTemplate\":\"https:\/\/www.barverat.com\/?s={search_term_string}\"},\"query-input\":{\"@type\":\"PropertyValueSpecification\",\"valueRequired\":true,\"valueName\":\"search_term_string\"}}],\"inLanguage\":\"es\"}]}<\/script>\n<!-- \/ Yoast SEO plugin. -->","yoast_head_json":{"title":"Carta - Bar Verat","robots":{"index":"index","follow":"follow","max-snippet":"max-snippet:-1","max-image-preview":"max-image-preview:large","max-video-preview":"max-video-preview:-1"},"canonical":"https:\/\/www.barverat.com\/es\/carta-es\/","og_locale":"es_ES","og_type":"article","og_title":"Carta - Bar Verat","og_description":"[vc_row content_text_aligment=\u00bb\u00bb use_row_as_full_screen_section=\u00bbno\u00bb][vc_column][vc_row_inner content_text_aligment=\u00bb\u00bb css=\u00bb.vc_custom_1467102532369{margin-right: 0px !important;margin-left: 0px !important;}\u00bb][vc_column_inner css=\u00bb.vc_custom_1467200934214{padding-right: 0px !important;padding-left: 0px !important;}\u00bb offset=\u00bbvc_col-md-6&#8243;][\/vc_column_inner][vc_column_inner css=\u00bb.vc_custom_1467200940727{padding-right: 0px !important;padding-left: 0px !important;}\u00bb offset=\u00bbvc_col-md-6&#8243;][\/vc_column_inner][\/vc_row_inner][\/vc_column][\/vc_row]","og_url":"https:\/\/www.barverat.com\/es\/carta-es\/","og_site_name":"Bar Verat","article_modified_time":"2026-02-13T07:14:35+00:00","twitter_card":"summary_large_image","twitter_misc":{"Tiempo de lectura":"6 minutos"},"schema":{"@context":"https:\/\/schema.org","@graph":[{"@type":"WebPage","@id":"https:\/\/www.barverat.com\/es\/carta-es\/","url":"https:\/\/www.barverat.com\/es\/carta-es\/","name":"Carta - Bar Verat","isPartOf":{"@id":"https:\/\/www.barverat.com\/#website"},"datePublished":"2018-10-23T11:04:33+00:00","dateModified":"2026-02-13T07:14:35+00:00","breadcrumb":{"@id":"https:\/\/www.barverat.com\/es\/carta-es\/#breadcrumb"},"inLanguage":"es","potentialAction":[{"@type":"ReadAction","target":["https:\/\/www.barverat.com\/es\/carta-es\/"]}]},{"@type":"BreadcrumbList","@id":"https:\/\/www.barverat.com\/es\/carta-es\/#breadcrumb","itemListElement":[{"@type":"ListItem","position":1,"name":"Home","item":"https:\/\/www.barverat.com\/es\/"},{"@type":"ListItem","position":2,"name":"Carta"}]},{"@type":"WebSite","@id":"https:\/\/www.barverat.com\/#website","url":"https:\/\/www.barverat.com\/","name":"Bar Verat","description":"La cuina relaxada de la Mar i el V\u00edctor","potentialAction":[{"@type":"SearchAction","target":{"@type":"EntryPoint","urlTemplate":"https:\/\/www.barverat.com\/?s={search_term_string}"},"query-input":{"@type":"PropertyValueSpecification","valueRequired":true,"valueName":"search_term_string"}}],"inLanguage":"es"}]}},"_links":{"self":[{"href":"https:\/\/www.barverat.com\/es\/wp-json\/wp\/v2\/pages\/4647"}],"collection":[{"href":"https:\/\/www.barverat.com\/es\/wp-json\/wp\/v2\/pages"}],"about":[{"href":"https:\/\/www.barverat.com\/es\/wp-json\/wp\/v2\/types\/page"}],"author":[{"embeddable":true,"href":"https:\/\/www.barverat.com\/es\/wp-json\/wp\/v2\/users\/1"}],"replies":[{"embeddable":true,"href":"https:\/\/www.barverat.com\/es\/wp-json\/wp\/v2\/comments?post=4647"}],"version-history":[{"count":133,"href":"https:\/\/www.barverat.com\/es\/wp-json\/wp\/v2\/pages\/4647\/revisions"}],"predecessor-version":[{"id":6023,"href":"https:\/\/www.barverat.com\/es\/wp-json\/wp\/v2\/pages\/4647\/revisions\/6023"}],"wp:attachment":[{"href":"https:\/\/www.barverat.com\/es\/wp-json\/wp\/v2\/media?parent=4647"}],"curies":[{"name":"wp","href":"https:\/\/api.w.org\/{rel}","templated":true}]}}