{"id":4653,"date":"2018-10-23T11:08:04","date_gmt":"2018-10-23T11:08:04","guid":{"rendered":"http:\/\/www.barverat.com\/?page_id=4653"},"modified":"2022-10-11T14:04:04","modified_gmt":"2022-10-11T14:04:04","slug":"nosaltres-es","status":"publish","type":"page","link":"https:\/\/www.barverat.com\/es\/nosaltres-es\/","title":{"rendered":"Equipo"},"content":{"rendered":"<p>[vc_row content_text_aligment=\u00bb\u00bb use_row_as_full_screen_section=\u00bbno\u00bb css=\u00bb.vc_custom_1466600323843{padding-top: 100px !important;}\u00bb][vc_column][vc_single_image image=\u00bb5690&#8243; img_size=\u00bbfull\u00bb][\/vc_column][\/vc_row][vc_row content_text_aligment=\u00bb\u00bb use_row_as_full_screen_section=\u00bbno\u00bb css=\u00bb.vc_custom_1466608265197{padding-top: 46px !important;}\u00bb][vc_column][vc_column_text]<\/p>\n<div class=\"\">\n<h2 style=\"text-align: center;\">Bar Verat, la apuesta informal<br \/>\ny de cocina relajada de Mar y V\u00edctor<\/h2>\n<div>\n<div class=\"\">\n<h4 style=\"text-align: center;\">Nuestro equipo ha sido formado previamente en el restaurante Lluerna, es un equipo joven,<br \/>\ndin\u00e1mico, con experiencia y sobretodo con muchas ganas de haceros disfrutar.<\/h4>\n<h5 style=\"text-align: center;\"><a href=\"https:\/\/www.barverat.com\/wp-content\/uploads\/2022\/03\/Sostenibilitat-360-Consultoria-Zostera-Gastronomia-Alimentacion-Sostenible-2021.pdf\" target=\"_blank\" rel=\"noopener\"><span style=\"color: #68bcc8;\">Trabajamos con una filosof\u00eda de Sostenibilidad 360, si quieres saber m\u00e1s, haz clic aqu\u00ed<\/span><\/a><\/h5>\n<\/div>\n<\/div>\n<\/div>\n<p>[\/vc_column_text][\/vc_column][\/vc_row][vc_row content_text_aligment=\u00bb\u00bb use_row_as_full_screen_section=\u00bbno\u00bb css=\u00bb.vc_custom_1466608391696{padding-bottom: 54px !important;}\u00bb][vc_column][\/vc_column][\/vc_row]<\/p>\n","protected":false},"excerpt":{"rendered":"<p>[vc_row content_text_aligment=\u00bb\u00bb use_row_as_full_screen_section=\u00bbno\u00bb css=\u00bb.vc_custom_1466600323843{padding-top: 100px !important;}\u00bb][vc_column][vc_single_image image=\u00bb5690&#8243; img_size=\u00bbfull\u00bb][\/vc_column][\/vc_row][vc_row content_text_aligment=\u00bb\u00bb use_row_as_full_screen_section=\u00bbno\u00bb css=\u00bb.vc_custom_1466608265197{padding-top: 46px !important;}\u00bb][vc_column][vc_column_text] Bar Verat, la apuesta informal y de cocina relajada de Mar y V\u00edctor Nuestro equipo ha sido formado previamente en el restaurante Lluerna, es un equipo joven, din\u00e1mico, con experiencia y sobretodo [&hellip;]<\/p>\n","protected":false},"author":1,"featured_media":0,"parent":0,"menu_order":0,"comment_status":"closed","ping_status":"closed","template":"","meta":{"footnotes":""},"yoast_head":"<!-- This site is optimized with the Yoast SEO plugin v24.5 - https:\/\/yoast.com\/wordpress\/plugins\/seo\/ -->\n<title>Equipo - Bar Verat<\/title>\n<meta name=\"robots\" content=\"index, follow, max-snippet:-1, max-image-preview:large, max-video-preview:-1\" \/>\n<link rel=\"canonical\" href=\"https:\/\/www.barverat.com\/es\/nosaltres-es\/\" \/>\n<meta property=\"og:locale\" content=\"es_ES\" \/>\n<meta property=\"og:type\" content=\"article\" \/>\n<meta property=\"og:title\" content=\"Equipo - Bar Verat\" \/>\n<meta property=\"og:description\" content=\"[vc_row content_text_aligment=\u00bb\u00bb use_row_as_full_screen_section=\u00bbno\u00bb css=\u00bb.vc_custom_1466600323843{padding-top: 100px !important;}\u00bb][vc_column][vc_single_image image=\u00bb5690&#8243; img_size=\u00bbfull\u00bb][\/vc_column][\/vc_row][vc_row content_text_aligment=\u00bb\u00bb use_row_as_full_screen_section=\u00bbno\u00bb css=\u00bb.vc_custom_1466608265197{padding-top: 46px !important;}\u00bb][vc_column][vc_column_text] Bar Verat, la apuesta informal y de cocina relajada de Mar y V\u00edctor Nuestro equipo ha sido formado previamente en el restaurante Lluerna, es un equipo joven, din\u00e1mico, con experiencia y sobretodo [&hellip;]\" \/>\n<meta property=\"og:url\" content=\"https:\/\/www.barverat.com\/es\/nosaltres-es\/\" \/>\n<meta property=\"og:site_name\" content=\"Bar Verat\" \/>\n<meta property=\"article:modified_time\" content=\"2022-10-11T14:04:04+00:00\" \/>\n<meta name=\"twitter:card\" content=\"summary_large_image\" \/>\n<meta name=\"twitter:label1\" content=\"Tiempo de lectura\" \/>\n\t<meta name=\"twitter:data1\" content=\"1 minuto\" \/>\n<script type=\"application\/ld+json\" class=\"yoast-schema-graph\">{\"@context\":\"https:\/\/schema.org\",\"@graph\":[{\"@type\":\"WebPage\",\"@id\":\"https:\/\/www.barverat.com\/es\/nosaltres-es\/\",\"url\":\"https:\/\/www.barverat.com\/es\/nosaltres-es\/\",\"name\":\"Equipo - Bar Verat\",\"isPartOf\":{\"@id\":\"https:\/\/www.barverat.com\/#website\"},\"datePublished\":\"2018-10-23T11:08:04+00:00\",\"dateModified\":\"2022-10-11T14:04:04+00:00\",\"breadcrumb\":{\"@id\":\"https:\/\/www.barverat.com\/es\/nosaltres-es\/#breadcrumb\"},\"inLanguage\":\"es\",\"potentialAction\":[{\"@type\":\"ReadAction\",\"target\":[\"https:\/\/www.barverat.com\/es\/nosaltres-es\/\"]}]},{\"@type\":\"BreadcrumbList\",\"@id\":\"https:\/\/www.barverat.com\/es\/nosaltres-es\/#breadcrumb\",\"itemListElement\":[{\"@type\":\"ListItem\",\"position\":1,\"name\":\"Home\",\"item\":\"https:\/\/www.barverat.com\/es\/\"},{\"@type\":\"ListItem\",\"position\":2,\"name\":\"Equipo\"}]},{\"@type\":\"WebSite\",\"@id\":\"https:\/\/www.barverat.com\/#website\",\"url\":\"https:\/\/www.barverat.com\/\",\"name\":\"Bar Verat\",\"description\":\"La cuina relaxada de la Mar i el V\u00edctor\",\"potentialAction\":[{\"@type\":\"SearchAction\",\"target\":{\"@type\":\"EntryPoint\",\"urlTemplate\":\"https:\/\/www.barverat.com\/?s={search_term_string}\"},\"query-input\":{\"@type\":\"PropertyValueSpecification\",\"valueRequired\":true,\"valueName\":\"search_term_string\"}}],\"inLanguage\":\"es\"}]}<\/script>\n<!-- \/ Yoast SEO plugin. -->","yoast_head_json":{"title":"Equipo - Bar Verat","robots":{"index":"index","follow":"follow","max-snippet":"max-snippet:-1","max-image-preview":"max-image-preview:large","max-video-preview":"max-video-preview:-1"},"canonical":"https:\/\/www.barverat.com\/es\/nosaltres-es\/","og_locale":"es_ES","og_type":"article","og_title":"Equipo - Bar Verat","og_description":"[vc_row content_text_aligment=\u00bb\u00bb use_row_as_full_screen_section=\u00bbno\u00bb css=\u00bb.vc_custom_1466600323843{padding-top: 100px !important;}\u00bb][vc_column][vc_single_image image=\u00bb5690&#8243; img_size=\u00bbfull\u00bb][\/vc_column][\/vc_row][vc_row content_text_aligment=\u00bb\u00bb use_row_as_full_screen_section=\u00bbno\u00bb css=\u00bb.vc_custom_1466608265197{padding-top: 46px !important;}\u00bb][vc_column][vc_column_text] Bar Verat, la apuesta informal y de cocina relajada de Mar y V\u00edctor Nuestro equipo ha sido formado previamente en el restaurante Lluerna, es un equipo joven, din\u00e1mico, con experiencia y sobretodo [&hellip;]","og_url":"https:\/\/www.barverat.com\/es\/nosaltres-es\/","og_site_name":"Bar Verat","article_modified_time":"2022-10-11T14:04:04+00:00","twitter_card":"summary_large_image","twitter_misc":{"Tiempo de lectura":"1 minuto"},"schema":{"@context":"https:\/\/schema.org","@graph":[{"@type":"WebPage","@id":"https:\/\/www.barverat.com\/es\/nosaltres-es\/","url":"https:\/\/www.barverat.com\/es\/nosaltres-es\/","name":"Equipo - Bar Verat","isPartOf":{"@id":"https:\/\/www.barverat.com\/#website"},"datePublished":"2018-10-23T11:08:04+00:00","dateModified":"2022-10-11T14:04:04+00:00","breadcrumb":{"@id":"https:\/\/www.barverat.com\/es\/nosaltres-es\/#breadcrumb"},"inLanguage":"es","potentialAction":[{"@type":"ReadAction","target":["https:\/\/www.barverat.com\/es\/nosaltres-es\/"]}]},{"@type":"BreadcrumbList","@id":"https:\/\/www.barverat.com\/es\/nosaltres-es\/#breadcrumb","itemListElement":[{"@type":"ListItem","position":1,"name":"Home","item":"https:\/\/www.barverat.com\/es\/"},{"@type":"ListItem","position":2,"name":"Equipo"}]},{"@type":"WebSite","@id":"https:\/\/www.barverat.com\/#website","url":"https:\/\/www.barverat.com\/","name":"Bar Verat","description":"La cuina relaxada de la Mar i el V\u00edctor","potentialAction":[{"@type":"SearchAction","target":{"@type":"EntryPoint","urlTemplate":"https:\/\/www.barverat.com\/?s={search_term_string}"},"query-input":{"@type":"PropertyValueSpecification","valueRequired":true,"valueName":"search_term_string"}}],"inLanguage":"es"}]}},"_links":{"self":[{"href":"https:\/\/www.barverat.com\/es\/wp-json\/wp\/v2\/pages\/4653"}],"collection":[{"href":"https:\/\/www.barverat.com\/es\/wp-json\/wp\/v2\/pages"}],"about":[{"href":"https:\/\/www.barverat.com\/es\/wp-json\/wp\/v2\/types\/page"}],"author":[{"embeddable":true,"href":"https:\/\/www.barverat.com\/es\/wp-json\/wp\/v2\/users\/1"}],"replies":[{"embeddable":true,"href":"https:\/\/www.barverat.com\/es\/wp-json\/wp\/v2\/comments?post=4653"}],"version-history":[{"count":11,"href":"https:\/\/www.barverat.com\/es\/wp-json\/wp\/v2\/pages\/4653\/revisions"}],"predecessor-version":[{"id":5692,"href":"https:\/\/www.barverat.com\/es\/wp-json\/wp\/v2\/pages\/4653\/revisions\/5692"}],"wp:attachment":[{"href":"https:\/\/www.barverat.com\/es\/wp-json\/wp\/v2\/media?parent=4653"}],"curies":[{"name":"wp","href":"https:\/\/api.w.org\/{rel}","templated":true}]}}